{"id":10,"date":"2020-11-25T17:45:32","date_gmt":"2020-11-25T16:45:32","guid":{"rendered":"http:\/\/rck.tehnicka-skola-karlovac.hr\/struka-i-ti\/?page_id=10"},"modified":"2021-09-15T15:16:44","modified_gmt":"2021-09-15T13:16:44","slug":"naslovna","status":"publish","type":"page","link":"https:\/\/rck.tehnicka-skola-karlovac.hr\/struka-i-ti\/","title":{"rendered":"Naslovna"},"content":{"rendered":"<p>[et_pb_section fb_built=&#8221;1&#8243; admin_label=&#8221;Hero&#8221; _builder_version=&#8221;4.7.4&#8243; use_background_color_gradient=&#8221;on&#8221; background_color_gradient_start=&#8221;rgba(40,40,40,0.79)&#8221; background_color_gradient_end=&#8221;rgba(40,40,40,0.86)&#8221; background_color_gradient_type=&#8221;radial&#8221; background_color_gradient_direction_radial=&#8221;top left&#8221; background_color_gradient_overlays_image=&#8221;on&#8221; background_image=&#8221;https:\/\/rck.tehnicka-skola-karlovac.hr\/struka-i-ti\/wp-content\/uploads\/2020\/11\/struka-i-ti-cover-min.png&#8221; custom_margin=&#8221;||||false&#8221; custom_padding=&#8221;10vw||10vw||true|false&#8221; global_colors_info=&#8221;{}&#8221;][et_pb_row _builder_version=&#8221;3.25&#8243; global_colors_info=&#8221;{}&#8221;][et_pb_column type=&#8221;4_4&#8243; _builder_version=&#8221;3.25&#8243; custom_padding=&#8221;|||&#8221; global_colors_info=&#8221;{}&#8221; custom_padding__hover=&#8221;|||&#8221;][et_pb_divider color=&#8221;#FB570D&#8221; divider_position=&#8221;center&#8221; divider_weight=&#8221;5px&#8221; _builder_version=&#8221;4.7.4&#8243; max_width=&#8221;50px&#8221; module_alignment=&#8221;center&#8221; locked=&#8221;off&#8221; global_colors_info=&#8221;{}&#8221;][\/et_pb_divider][et_pb_text _builder_version=&#8221;4.7.4&#8243; text_font=&#8221;||||||||&#8221; header_font=&#8221;Spartan|700|||||||&#8221; header_font_size=&#8221;64px&#8221; header_line_height=&#8221;1.1em&#8221; text_orientation=&#8221;center&#8221; background_layout=&#8221;dark&#8221; max_width=&#8221;800px&#8221; module_alignment=&#8221;center&#8221; custom_margin=&#8221;||0px|&#8221; custom_padding=&#8221;|||16px&#8221; text_font_size_tablet=&#8221;14px&#8221; text_font_size_last_edited=&#8221;off|desktop&#8221; header_font_size_tablet=&#8221;44px&#8221; header_font_size_phone=&#8221;32px&#8221; header_font_size_last_edited=&#8221;on|phone&#8221; global_colors_info=&#8221;{}&#8221;]<\/p>\n<h1>STRuKA i TI<\/h1>\n<p>[\/et_pb_text][et_pb_text _builder_version=&#8221;4.9.2&#8243; text_font=&#8221;||||||||&#8221; text_font_size=&#8221;22px&#8221; text_line_height=&#8221;1.6em&#8221; header_font=&#8221;||||||||&#8221; text_orientation=&#8221;center&#8221; background_layout=&#8221;dark&#8221; max_width=&#8221;800px&#8221; module_alignment=&#8221;center&#8221; custom_margin=&#8221;|||&#8221; custom_padding=&#8221;20px||20px||true&#8221; text_font_size_tablet=&#8221;18px&#8221; text_font_size_phone=&#8221;&#8221; text_font_size_last_edited=&#8221;on|phone&#8221; global_colors_info=&#8221;{}&#8221;]<\/p>\n<p style=\"text-align: left;\">Cilj projekta <span>\u201e<\/span>STRuKA i TI<span>\u201c\u00a0<\/span>je uspostaviti programske i kadrovske uvjete koji \u0107e unaprijediti u\u010denje temeljeno na radu za u\u010denike i odrasle polaznike strukovnog obrazovanja u podsektoru strojarstva Regionalnog centra kompetentnosti Tehni\u010dke \u0161kole Karlovac, u svrhu pove\u0107anja zapo\u0161ljivosti i mogu\u0107nosti za daljnje obrazovanje.<\/p>\n<p>&nbsp;<\/p>\n<p>[\/et_pb_text][et_pb_button button_url=&#8221;@ET-DC@eyJkeW5hbWljIjp0cnVlLCJjb250ZW50IjoicG9zdF9saW5rX3VybF9wYWdlIiwic2V0dGluZ3MiOnsicG9zdF9pZCI6IjEyIn19@&#8221; button_text=&#8221;Vi\u0161e O projektu&#8221; button_alignment=&#8221;center&#8221; _builder_version=&#8221;4.7.4&#8243; _dynamic_attributes=&#8221;button_url&#8221; custom_button=&#8221;on&#8221; button_text_size=&#8221;14px&#8221; button_bg_color=&#8221;#FB570D&#8221; button_border_width=&#8221;12px&#8221; button_border_color=&#8221;#FB570D&#8221; button_border_radius=&#8221;0px&#8221; button_letter_spacing=&#8221;4px&#8221; button_font=&#8221;Spartan|700||on|||||&#8221; button_icon=&#8221;%%3%%&#8221; background_layout=&#8221;dark&#8221; custom_margin=&#8221;|||&#8221; global_colors_info=&#8221;{}&#8221; button_text_size__hover_enabled=&#8221;off&#8221; button_one_text_size__hover_enabled=&#8221;off&#8221; button_two_text_size__hover_enabled=&#8221;off&#8221; button_text_color__hover_enabled=&#8221;off&#8221; button_one_text_color__hover_enabled=&#8221;off&#8221; button_two_text_color__hover_enabled=&#8221;off&#8221; button_border_width__hover_enabled=&#8221;off&#8221; button_one_border_width__hover_enabled=&#8221;off&#8221; button_two_border_width__hover_enabled=&#8221;off&#8221; button_border_color__hover_enabled=&#8221;off&#8221; button_one_border_color__hover_enabled=&#8221;off&#8221; button_two_border_color__hover_enabled=&#8221;off&#8221; button_border_radius__hover_enabled=&#8221;off&#8221; button_one_border_radius__hover_enabled=&#8221;off&#8221; button_two_border_radius__hover_enabled=&#8221;off&#8221; button_letter_spacing__hover_enabled=&#8221;off&#8221; button_one_letter_spacing__hover_enabled=&#8221;off&#8221; button_two_letter_spacing__hover_enabled=&#8221;off&#8221; button_bg_color__hover_enabled=&#8221;off&#8221; button_one_bg_color__hover_enabled=&#8221;off&#8221; button_two_bg_color__hover_enabled=&#8221;off&#8221;][\/et_pb_button][\/et_pb_column][\/et_pb_row][\/et_pb_section][et_pb_section fb_built=&#8221;1&#8243; admin_label=&#8221; Get a Quote&#8221; _builder_version=&#8221;4.7.4&#8243; background_image=&#8221;https:\/\/rck.tehnicka-skola-karlovac.hr\/struka-i-ti\/wp-content\/uploads\/2020\/11\/pozadina.png&#8221; custom_padding=&#8221;|||&#8221; animation_style=&#8221;slide&#8221; animation_direction=&#8221;top&#8221; animation_intensity_slide=&#8221;10%&#8221; box_shadow_style=&#8221;preset3&#8243; box_shadow_vertical=&#8221;10px&#8221; box_shadow_blur=&#8221;105px&#8221; box_shadow_spread=&#8221;0px&#8221; box_shadow_color=&#8221;rgba(0,0,0,0.12)&#8221; global_colors_info=&#8221;{}&#8221;][et_pb_row column_structure=&#8221;1_2,1_2&#8243; _builder_version=&#8221;4.7.4&#8243; _module_preset=&#8221;default&#8221; global_colors_info=&#8221;{}&#8221;][et_pb_column type=&#8221;1_2&#8243; _builder_version=&#8221;4.7.4&#8243; _module_preset=&#8221;default&#8221; global_colors_info=&#8221;{}&#8221;][et_pb_image src=&#8221;https:\/\/rck.tehnicka-skola-karlovac.hr\/struka-i-ti\/wp-content\/uploads\/2020\/11\/03_Zracna-3.jpg&#8221; alt=&#8221;RCK Karlovac&#8221; title_text=&#8221;03_Zracna-3&#8243; _builder_version=&#8221;4.7.4&#8243; _module_preset=&#8221;default&#8221; border_radii=&#8221;off||||&#8221; global_colors_info=&#8221;{}&#8221;][\/et_pb_image][\/et_pb_column][et_pb_column type=&#8221;1_2&#8243; _builder_version=&#8221;4.7.4&#8243; _module_preset=&#8221;default&#8221; global_colors_info=&#8221;{}&#8221;][et_pb_text _builder_version=&#8221;4.10.2&#8243; _module_preset=&#8221;default&#8221; hover_enabled=&#8221;0&#8243; global_colors_info=&#8221;{}&#8221; sticky_enabled=&#8221;0&#8243;]<\/p>\n<table border=\"1\">\n<tbody>\n<tr>\n<td>Naziv projekta<\/td>\n<td><strong>STRuKA i TI<\/strong><\/td>\n<\/tr>\n<tr>\n<td>\u0160ifra projekta<\/td>\n<td><strong>UP.03.3.1.04.0008\u00a0<\/strong><strong><br \/><\/strong><\/td>\n<\/tr>\n<tr>\n<td>Ime korisnika<\/td>\n<td><strong>Tehni\u010dka \u0161kola Karlovac<\/strong><\/td>\n<\/tr>\n<tr>\n<td>Ukupna vrijednost<\/td>\n<td><strong>27.623.493,09 HRK<\/strong><\/td>\n<\/tr>\n<tr>\n<td>Iznos EU potpore<\/td>\n<td><strong>27.623.493,09 HRK<\/strong><\/td>\n<\/tr>\n<tr>\n<td>Operativni program<\/td>\n<td><strong>U\u010dinkoviti ljudski potencijali 2014.-2020.<\/strong><\/td>\n<\/tr>\n<tr>\n<td>Razdoblje provedbe projekta<\/td>\n<td><strong>26.2.2020.-27.12.2023.<\/strong><\/td>\n<\/tr>\n<\/tbody>\n<\/table>\n<p>[\/et_pb_text][\/et_pb_column][\/et_pb_row][et_pb_row _builder_version=&#8221;4.7.4&#8243; _module_preset=&#8221;default&#8221; global_colors_info=&#8221;{}&#8221;][et_pb_column type=&#8221;4_4&#8243; _builder_version=&#8221;4.7.4&#8243; _module_preset=&#8221;default&#8221; global_colors_info=&#8221;{}&#8221;][et_pb_text _builder_version=&#8221;4.7.4&#8243; text_font=&#8221;||||||||&#8221; header_font=&#8221;Rubik|700|||||||&#8221; header_font_size=&#8221;64px&#8221; header_line_height=&#8221;1.1em&#8221; header_2_font=&#8221;Spartan|500|||||||&#8221; header_2_text_color=&#8221;#FB570D&#8221; header_2_font_size=&#8221;34px&#8221; text_orientation=&#8221;center&#8221; background_layout=&#8221;dark&#8221; max_width=&#8221;800px&#8221; module_alignment=&#8221;center&#8221; custom_margin=&#8221;||0px|&#8221; custom_padding=&#8221;|||16px&#8221; text_font_size_tablet=&#8221;14px&#8221; text_font_size_last_edited=&#8221;off|desktop&#8221; header_font_size_tablet=&#8221;44px&#8221; header_font_size_phone=&#8221;32px&#8221; header_font_size_last_edited=&#8221;on|phone&#8221; global_colors_info=&#8221;{}&#8221;]<\/p>\n<h2>Novosti<\/h2>\n<p>[\/et_pb_text][et_pb_divider color=&#8221;#FB570D&#8221; divider_position=&#8221;center&#8221; divider_weight=&#8221;5px&#8221; _builder_version=&#8221;4.7.4&#8243; max_width=&#8221;50px&#8221; module_alignment=&#8221;center&#8221; locked=&#8221;off&#8221; global_colors_info=&#8221;{}&#8221;][\/et_pb_divider][et_pb_blog fullwidth=&#8221;off&#8221; show_more=&#8221;on&#8221; show_categories=&#8221;off&#8221; _builder_version=&#8221;4.7.7&#8243; _module_preset=&#8221;default&#8221; header_font_size=&#8221;19px&#8221; header_line_height=&#8221;1.3em&#8221; meta_text_color=&#8221;#FB570D&#8221; read_more_text_color=&#8221;#848484&#8243; link_option_url_new_window=&#8221;on&#8221; global_colors_info=&#8221;{}&#8221; read_more_text_color__hover=&#8221;#ff6347&#8243; read_more_text_color__hover_enabled=&#8221;on|desktop&#8221; header_text_color__hover=&#8221;#ff6347&#8243; header_text_color__hover_enabled=&#8221;on|hover&#8221;][\/et_pb_blog][\/et_pb_column][\/et_pb_row][\/et_pb_section][et_pb_section fb_built=&#8221;1&#8243; disabled_on=&#8221;on|on|on&#8221; admin_label=&#8221;Testimonials&#8221; _builder_version=&#8221;4.7.7&#8243; background_color=&#8221;#f7f7f7&#8243; disabled=&#8221;on&#8221; global_colors_info=&#8221;{}&#8221;][et_pb_row _builder_version=&#8221;3.25&#8243; locked=&#8221;off&#8221; global_colors_info=&#8221;{}&#8221;][et_pb_column type=&#8221;4_4&#8243; _builder_version=&#8221;3.25&#8243; custom_padding=&#8221;|||&#8221; global_colors_info=&#8221;{}&#8221; custom_padding__hover=&#8221;|||&#8221;][et_pb_text _builder_version=&#8221;3.27.4&#8243; text_font=&#8221;||||||||&#8221; header_font=&#8221;||||||||&#8221; header_2_font=&#8221;Rubik|700|||||||&#8221; header_2_font_size=&#8221;42px&#8221; header_2_line_height=&#8221;1.2em&#8221; text_orientation=&#8221;center&#8221; module_alignment=&#8221;center&#8221; custom_margin=&#8221;|||&#8221; custom_padding=&#8221;|||&#8221; header_2_font_size_tablet=&#8221;&#8221; header_2_font_size_phone=&#8221;36px&#8221; header_2_font_size_last_edited=&#8221;on|phone&#8221; locked=&#8221;off&#8221; global_colors_info=&#8221;{}&#8221;]<\/p>\n<h2>Client Testimonials<\/h2>\n<p>[\/et_pb_text][et_pb_divider color=&#8221;#ffb400&#8243; divider_position=&#8221;center&#8221; divider_weight=&#8221;5px&#8221; _builder_version=&#8221;3.9&#8243; max_width=&#8221;50px&#8221; module_alignment=&#8221;center&#8221; locked=&#8221;off&#8221; global_colors_info=&#8221;{}&#8221;][\/et_pb_divider][\/et_pb_column][\/et_pb_row][et_pb_row column_structure=&#8221;1_3,1_3,1_3&#8243; _builder_version=&#8221;3.25&#8243; global_colors_info=&#8221;{}&#8221;][et_pb_column type=&#8221;1_3&#8243; _builder_version=&#8221;3.25&#8243; custom_padding=&#8221;|||&#8221; global_colors_info=&#8221;{}&#8221; custom_padding__hover=&#8221;|||&#8221;][et_pb_testimonial author=&#8221;JOHN SMITH&#8221; portrait_url=&#8221;https:\/\/rck.tehnicka-skola-karlovac.hr\/struka-i-ti\/wp-content\/uploads\/2020\/11\/stars-5.png&#8221; quote_icon=&#8221;off&#8221; portrait_width=&#8221;153px&#8221; portrait_height=&#8221;26px&#8221; _builder_version=&#8221;3.9&#8243; body_font=&#8221;||||||||&#8221; body_text_align=&#8221;center&#8221; body_font_size=&#8221;15px&#8221; body_line_height=&#8221;1.8em&#8221; background_color=&#8221;#ffffff&#8221; custom_margin=&#8221;||||false&#8221; custom_padding=&#8221;40px||40px||true&#8221; box_shadow_style_image=&#8221;preset1&#8243; box_shadow_vertical_image=&#8221;0px&#8221; box_shadow_blur_image=&#8221;0px&#8221; global_colors_info=&#8221;{}&#8221;]\u201cLorem ipsum dolor sit adipiscing elit. Nullam lectus consectetur eu sapien. Proin cursus, dolor a mollis risus dolor fermentum massa, a commodo elit dui sit amet tortor.\u201d<br \/>\n[\/et_pb_testimonial][\/et_pb_column][et_pb_column type=&#8221;1_3&#8243; _builder_version=&#8221;3.25&#8243; custom_padding=&#8221;|||&#8221; global_colors_info=&#8221;{}&#8221; custom_padding__hover=&#8221;|||&#8221;][et_pb_testimonial author=&#8221;JOHN SMITH&#8221; portrait_url=&#8221;https:\/\/rck.tehnicka-skola-karlovac.hr\/struka-i-ti\/wp-content\/uploads\/2020\/11\/stars-5.png&#8221; quote_icon=&#8221;off&#8221; portrait_width=&#8221;153px&#8221; portrait_height=&#8221;26px&#8221; _builder_version=&#8221;3.9&#8243; body_font=&#8221;||||||||&#8221; body_text_align=&#8221;center&#8221; body_font_size=&#8221;15px&#8221; body_line_height=&#8221;1.8em&#8221; background_color=&#8221;#ffffff&#8221; custom_margin=&#8221;||||false&#8221; custom_padding=&#8221;40px||40px||true&#8221; box_shadow_style_image=&#8221;preset1&#8243; box_shadow_vertical_image=&#8221;0px&#8221; box_shadow_blur_image=&#8221;0px&#8221; locked=&#8221;off&#8221; global_colors_info=&#8221;{}&#8221;]\u201cLorem ipsum dolor sit adipiscing elit. Nullam lectus consectetur eu sapien. Proin cursus, dolor a mollis risus dolor fermentum massa, a commodo elit dui sit amet tortor.\u201d<br \/>\n[\/et_pb_testimonial][\/et_pb_column][et_pb_column type=&#8221;1_3&#8243; _builder_version=&#8221;3.25&#8243; custom_padding=&#8221;|||&#8221; global_colors_info=&#8221;{}&#8221; custom_padding__hover=&#8221;|||&#8221;][et_pb_testimonial author=&#8221;JOHN SMITH&#8221; portrait_url=&#8221;https:\/\/rck.tehnicka-skola-karlovac.hr\/struka-i-ti\/wp-content\/uploads\/2020\/11\/stars-5.png&#8221; quote_icon=&#8221;off&#8221; portrait_width=&#8221;153px&#8221; portrait_height=&#8221;26px&#8221; _builder_version=&#8221;3.9&#8243; body_font=&#8221;||||||||&#8221; body_text_align=&#8221;center&#8221; body_font_size=&#8221;15px&#8221; body_line_height=&#8221;1.8em&#8221; background_color=&#8221;#ffffff&#8221; custom_margin=&#8221;||||false&#8221; custom_padding=&#8221;40px||40px||true&#8221; box_shadow_style_image=&#8221;preset1&#8243; box_shadow_vertical_image=&#8221;0px&#8221; box_shadow_blur_image=&#8221;0px&#8221; locked=&#8221;off&#8221; global_colors_info=&#8221;{}&#8221;]\u201cLorem ipsum dolor sit adipiscing elit. Nullam lectus consectetur eu sapien. Proin cursus, dolor a mollis risus dolor fermentum massa, a commodo elit dui sit amet tortor.\u201d<br \/>\n[\/et_pb_testimonial][\/et_pb_column][\/et_pb_row][\/et_pb_section]<\/p>\n","protected":false},"excerpt":{"rendered":"<p>STRuKA i TICilj projekta \u201eSTRuKA i TI\u201c\u00a0je uspostaviti programske i kadrovske uvjete koji \u0107e unaprijediti u\u010denje temeljeno na radu za u\u010denike i odrasle polaznike strukovnog obrazovanja u podsektoru strojarstva Regionalnog centra kompetentnosti Tehni\u010dke \u0161kole Karlovac, u svrhu pove\u0107anja zapo\u0161ljivosti i mogu\u0107nosti za daljnje obrazovanje. &nbsp; Naziv projekta STRuKA i TI \u0160ifra projekta UP.03.3.1.04.0008\u00a0 Ime korisnika [&hellip;]<\/p>\n","protected":false},"author":1,"featured_media":0,"parent":0,"menu_order":0,"comment_status":"closed","ping_status":"closed","template":"","meta":{"_et_pb_use_builder":"on","_et_pb_old_content":"","_et_gb_content_width":"","footnotes":""},"class_list":["post-10","page","type-page","status-publish","hentry"],"yoast_head":"<!-- This site is optimized with the Yoast SEO plugin v27.3 - https:\/\/yoast.com\/product\/yoast-seo-wordpress\/ -->\n<title>Naslovna - STRuKA i TI<\/title>\n<meta name=\"robots\" content=\"index, follow, max-snippet:-1, max-image-preview:large, max-video-preview:-1\" \/>\n<link rel=\"canonical\" href=\"https:\/\/rck.tehnicka-skola-karlovac.hr\/struka-i-ti\/\" \/>\n<meta property=\"og:locale\" content=\"hr_HR\" \/>\n<meta property=\"og:type\" content=\"article\" \/>\n<meta property=\"og:title\" content=\"Naslovna - STRuKA i TI\" \/>\n<meta property=\"og:description\" content=\"STRuKA i TICilj projekta \u201eSTRuKA i TI\u201c\u00a0je uspostaviti programske i kadrovske uvjete koji \u0107e unaprijediti u\u010denje temeljeno na radu za u\u010denike i odrasle polaznike strukovnog obrazovanja u podsektoru strojarstva Regionalnog centra kompetentnosti Tehni\u010dke \u0161kole Karlovac, u svrhu pove\u0107anja zapo\u0161ljivosti i mogu\u0107nosti za daljnje obrazovanje. &nbsp; Naziv projekta STRuKA i TI \u0160ifra projekta UP.03.3.1.04.0008\u00a0 Ime korisnika [&hellip;]\" \/>\n<meta property=\"og:url\" content=\"https:\/\/rck.tehnicka-skola-karlovac.hr\/struka-i-ti\/\" \/>\n<meta property=\"og:site_name\" content=\"STRuKA i TI\" \/>\n<meta property=\"article:modified_time\" content=\"2021-09-15T13:16:44+00:00\" \/>\n<meta name=\"twitter:card\" content=\"summary_large_image\" \/>\n<meta name=\"twitter:label1\" content=\"Procijenjeno vrijeme \u010ditanja\" \/>\n\t<meta name=\"twitter:data1\" content=\"7 minuta\" \/>\n<script type=\"application\/ld+json\" class=\"yoast-schema-graph\">{\"@context\":\"https:\\\/\\\/schema.org\",\"@graph\":[{\"@type\":\"WebPage\",\"@id\":\"https:\\\/\\\/rck.tehnicka-skola-karlovac.hr\\\/struka-i-ti\\\/\",\"url\":\"https:\\\/\\\/rck.tehnicka-skola-karlovac.hr\\\/struka-i-ti\\\/\",\"name\":\"Naslovna - STRuKA i TI\",\"isPartOf\":{\"@id\":\"https:\\\/\\\/rck.tehnicka-skola-karlovac.hr\\\/struka-i-ti\\\/#website\"},\"datePublished\":\"2020-11-25T16:45:32+00:00\",\"dateModified\":\"2021-09-15T13:16:44+00:00\",\"breadcrumb\":{\"@id\":\"https:\\\/\\\/rck.tehnicka-skola-karlovac.hr\\\/struka-i-ti\\\/#breadcrumb\"},\"inLanguage\":\"hr\",\"potentialAction\":[{\"@type\":\"ReadAction\",\"target\":[\"https:\\\/\\\/rck.tehnicka-skola-karlovac.hr\\\/struka-i-ti\\\/\"]}]},{\"@type\":\"BreadcrumbList\",\"@id\":\"https:\\\/\\\/rck.tehnicka-skola-karlovac.hr\\\/struka-i-ti\\\/#breadcrumb\",\"itemListElement\":[{\"@type\":\"ListItem\",\"position\":1,\"name\":\"Po\u010detna stranica\",\"item\":\"https:\\\/\\\/rck.tehnicka-skola-karlovac.hr\\\/struka-i-ti\\\/\"},{\"@type\":\"ListItem\",\"position\":2,\"name\":\"Naslovna\"}]},{\"@type\":\"WebSite\",\"@id\":\"https:\\\/\\\/rck.tehnicka-skola-karlovac.hr\\\/struka-i-ti\\\/#website\",\"url\":\"https:\\\/\\\/rck.tehnicka-skola-karlovac.hr\\\/struka-i-ti\\\/\",\"name\":\"STRuKA i TI\",\"description\":\"Tehni\u010dka \u0161kola Karlovac\",\"potentialAction\":[{\"@type\":\"SearchAction\",\"target\":{\"@type\":\"EntryPoint\",\"urlTemplate\":\"https:\\\/\\\/rck.tehnicka-skola-karlovac.hr\\\/struka-i-ti\\\/?s={search_term_string}\"},\"query-input\":{\"@type\":\"PropertyValueSpecification\",\"valueRequired\":true,\"valueName\":\"search_term_string\"}}],\"inLanguage\":\"hr\"}]}<\/script>\n<!-- \/ Yoast SEO plugin. -->","yoast_head_json":{"title":"Naslovna - STRuKA i TI","robots":{"index":"index","follow":"follow","max-snippet":"max-snippet:-1","max-image-preview":"max-image-preview:large","max-video-preview":"max-video-preview:-1"},"canonical":"https:\/\/rck.tehnicka-skola-karlovac.hr\/struka-i-ti\/","og_locale":"hr_HR","og_type":"article","og_title":"Naslovna - STRuKA i TI","og_description":"STRuKA i TICilj projekta \u201eSTRuKA i TI\u201c\u00a0je uspostaviti programske i kadrovske uvjete koji \u0107e unaprijediti u\u010denje temeljeno na radu za u\u010denike i odrasle polaznike strukovnog obrazovanja u podsektoru strojarstva Regionalnog centra kompetentnosti Tehni\u010dke \u0161kole Karlovac, u svrhu pove\u0107anja zapo\u0161ljivosti i mogu\u0107nosti za daljnje obrazovanje. &nbsp; Naziv projekta STRuKA i TI \u0160ifra projekta UP.03.3.1.04.0008\u00a0 Ime korisnika [&hellip;]","og_url":"https:\/\/rck.tehnicka-skola-karlovac.hr\/struka-i-ti\/","og_site_name":"STRuKA i TI","article_modified_time":"2021-09-15T13:16:44+00:00","twitter_card":"summary_large_image","twitter_misc":{"Procijenjeno vrijeme \u010ditanja":"7 minuta"},"schema":{"@context":"https:\/\/schema.org","@graph":[{"@type":"WebPage","@id":"https:\/\/rck.tehnicka-skola-karlovac.hr\/struka-i-ti\/","url":"https:\/\/rck.tehnicka-skola-karlovac.hr\/struka-i-ti\/","name":"Naslovna - STRuKA i TI","isPartOf":{"@id":"https:\/\/rck.tehnicka-skola-karlovac.hr\/struka-i-ti\/#website"},"datePublished":"2020-11-25T16:45:32+00:00","dateModified":"2021-09-15T13:16:44+00:00","breadcrumb":{"@id":"https:\/\/rck.tehnicka-skola-karlovac.hr\/struka-i-ti\/#breadcrumb"},"inLanguage":"hr","potentialAction":[{"@type":"ReadAction","target":["https:\/\/rck.tehnicka-skola-karlovac.hr\/struka-i-ti\/"]}]},{"@type":"BreadcrumbList","@id":"https:\/\/rck.tehnicka-skola-karlovac.hr\/struka-i-ti\/#breadcrumb","itemListElement":[{"@type":"ListItem","position":1,"name":"Po\u010detna stranica","item":"https:\/\/rck.tehnicka-skola-karlovac.hr\/struka-i-ti\/"},{"@type":"ListItem","position":2,"name":"Naslovna"}]},{"@type":"WebSite","@id":"https:\/\/rck.tehnicka-skola-karlovac.hr\/struka-i-ti\/#website","url":"https:\/\/rck.tehnicka-skola-karlovac.hr\/struka-i-ti\/","name":"STRuKA i TI","description":"Tehni\u010dka \u0161kola Karlovac","potentialAction":[{"@type":"SearchAction","target":{"@type":"EntryPoint","urlTemplate":"https:\/\/rck.tehnicka-skola-karlovac.hr\/struka-i-ti\/?s={search_term_string}"},"query-input":{"@type":"PropertyValueSpecification","valueRequired":true,"valueName":"search_term_string"}}],"inLanguage":"hr"}]}},"_links":{"self":[{"href":"https:\/\/rck.tehnicka-skola-karlovac.hr\/struka-i-ti\/wp-json\/wp\/v2\/pages\/10","targetHints":{"allow":["GET"]}}],"collection":[{"href":"https:\/\/rck.tehnicka-skola-karlovac.hr\/struka-i-ti\/wp-json\/wp\/v2\/pages"}],"about":[{"href":"https:\/\/rck.tehnicka-skola-karlovac.hr\/struka-i-ti\/wp-json\/wp\/v2\/types\/page"}],"author":[{"embeddable":true,"href":"https:\/\/rck.tehnicka-skola-karlovac.hr\/struka-i-ti\/wp-json\/wp\/v2\/users\/1"}],"replies":[{"embeddable":true,"href":"https:\/\/rck.tehnicka-skola-karlovac.hr\/struka-i-ti\/wp-json\/wp\/v2\/comments?post=10"}],"version-history":[{"count":3,"href":"https:\/\/rck.tehnicka-skola-karlovac.hr\/struka-i-ti\/wp-json\/wp\/v2\/pages\/10\/revisions"}],"predecessor-version":[{"id":634,"href":"https:\/\/rck.tehnicka-skola-karlovac.hr\/struka-i-ti\/wp-json\/wp\/v2\/pages\/10\/revisions\/634"}],"wp:attachment":[{"href":"https:\/\/rck.tehnicka-skola-karlovac.hr\/struka-i-ti\/wp-json\/wp\/v2\/media?parent=10"}],"curies":[{"name":"wp","href":"https:\/\/api.w.org\/{rel}","templated":true}]}}