{"id":138,"date":"2020-11-26T20:30:38","date_gmt":"2020-11-26T19:30:38","guid":{"rendered":"https:\/\/rck.tehnicka-skola-karlovac.hr\/struka-i-ti\/?page_id=138"},"modified":"2020-11-27T21:22:42","modified_gmt":"2020-11-27T20:22:42","slug":"pravila-privatnosti","status":"publish","type":"page","link":"https:\/\/rck.tehnicka-skola-karlovac.hr\/struka-i-ti\/pravila-privatnosti\/","title":{"rendered":"Pravila privatnosti"},"content":{"rendered":"<p>[et_pb_section fb_built=&#8221;1&#8243; _builder_version=&#8221;4.7.4&#8243; _module_preset=&#8221;default&#8221;][et_pb_row _builder_version=&#8221;4.7.4&#8243; _module_preset=&#8221;default&#8221;][et_pb_column _builder_version=&#8221;4.7.4&#8243; _module_preset=&#8221;default&#8221; type=&#8221;4_4&#8243;][et_pb_text _builder_version=&#8221;4.7.4&#8243; _module_preset=&#8221;default&#8221; hover_enabled=&#8221;0&#8243; sticky_enabled=&#8221;0&#8243;]<\/p>\n<div class=\"et_pb_module et_pb_text et_pb_text_0  et_pb_text_align_left et_pb_bg_layout_light\">\n<div class=\"et_pb_text_inner\">\n<h2>Pravila privatnosti<\/h2>\n<\/div>\n<\/div>\n<div class=\"et_pb_module et_pb_text et_pb_text_1  et_pb_text_align_left et_pb_bg_layout_light\">\n<div class=\"et_pb_text_inner\">\n<p>Na stranici https:\/\/rck.tehnicka-skola-karlovac.hr\/struka-i-ti se po\u0161tuje privatnost i sigurnost svojih korisnika kao i svih posjetitelja mre\u017ene stranice. Stoga vas ovom obavijesti o privatnosti \u017eelimo informirati koje osobne podatke prikupljamo, kako ih koristimo i kako brinemo o njihovoj za\u0161titi te koja su va\u0161a prava vezana uz obradu podataka.<\/p>\n<p>&nbsp;<\/p>\n<h2>Podaci koje prikupljamo<\/h2>\n<p>Na ovoj mre\u017enoj stranici ne prikupljamo va\u0161e osobne podatke, kao \u0161to su ime i podaci za kontakt, osim ako ih dobrovoljno ne unesete ispunjavanjem dostupnih obrazaca za odre\u0111enu svrhu i time date svoju privolu za prikupljanje i uporabu va\u0161ih osobnih podataka u navedene svrhe.<\/p>\n<p>Svi osobni podaci koriste se isklju\u010divo u svrhe zbog koje su prikupljeni i za koje je dana privola. Privolu za obradu osobnih podataka mogu dati osobe s navr\u0161enih 16 godina ili vi\u0161e, dok za osobe mla\u0111e od 16 privolu mo\u017ee dati roditelj ili skrbnik.<\/p>\n<h2>Razdoblje u kojem \u0107e osobni podaci biti pohranjeni<\/h2>\n<p>Svi osobni podaci bri\u0161u se nakon prestanka svrhe za koju su prikupljeni, odnosno prestankom ugovornog odnosa, a najkasnije po isteku svih zakonskih obveza povezanih s \u010duvanjem osobnih podataka.<\/p>\n<h2>Informacije koje automatski prikupljamo na mre\u017enoj stranici<\/h2>\n<p>Kada pristupite na\u0161oj mre\u017enoj stranici, automatski prikupljamo informacije u log datotekama poslu\u017eitelja, kao \u0161to su va\u0161a IP adresa, vrsta preglednika, stranice za preusmjeravanje \/ izlazak i operativni sustav. Te informacije koristimo kako bismo upravljali svojom mre\u017enom stranicom i tehni\u010dkim rje\u0161enjima, pratili aktivnosti mre\u017ene stranice, unaprijedili njezin rad i sadr\u017eaj te pobolj\u0161ali korisni\u010dko iskustvo.<\/p>\n<h2>Preno\u0161enje va\u0161ih osobnih podataka<\/h2>\n<p>Prikupljeni podaci ne\u0107e ni na koji na\u010din biti dostupni tre\u0107im osobama, osim u slu\u010daju kada je takva obveza regulirana zakonom.<\/p>\n<h2>Kola\u010di\u0107i (Cookies)<\/h2>\n<p>Za potrebe izrade i pra\u0107enja statistike posjetitelja ova mre\u017ena stranica koristi kola\u010di\u0107e (engl.\u00a0<em>cookies<\/em>) \u2013 tekstualne datoteke koje preglednik sprema na ra\u010dunalni sustav kako bi pomogle u prilagodbi korisni\u010dkog iskustva.<\/p>\n<p>Kola\u010di\u0107i mogu biti stalni kola\u010di\u0107 koji na ra\u010dunalu korisnika ostaju pohranjeni i nakon posjeta te privremeni kola\u010di\u0107i koji se pohranjuju samo tijekom posjeta stranici.<\/p>\n<p>Ako \u017eelite ukloniti kola\u010di\u0107e na svojem ure\u0111aju, to mo\u017eete u\u010diniti u bilo koje doba putem postavki preglednika kojeg koristite.<\/p>\n<h2>Pristup osobnim podacima i njihovo a\u017euriranje<\/h2>\n<p>Na\u0161 korisnik u svakom trenutku ima sljede\u0107a prava:<\/p>\n<ul>\n<li>pravo na pristup podacima i uvid u podatke<\/li>\n<li>pravo na informiranost o obradi osobnih podataka<\/li>\n<li>pravo na prenosivost podataka<\/li>\n<li>pravo na povla\u010denje privole<\/li>\n<li>pravo na podno\u0161enje prigovora<\/li>\n<li>pravo na ispravak i promjenu osobnih podataka u slu\u010daju ako su podaci nepotpuni ili neto\u010dni<\/li>\n<li>pravo na brisanje\u00a0u slu\u010dajevima kao \u0161to su prestanak svrhe obrade, povla\u010denje privole ili u slu\u010daju podno\u0161enja prigovora<\/li>\n<\/ul>\n<h2>Sigurnost va\u0161ih osobnih podataka<\/h2>\n<p>Poduzimamo sve tehni\u010dke i organizacijske mjere sigurnosti kako bismo za\u0161titili va\u0161e osobne podatke od neovla\u0161tenog ili nezakonitog postupanja s njima i od njihovog slu\u010dajnog gubitka, uni\u0161tenja ili izmjena.<\/p>\n<h2>Identitet i kontaktni podaci slu\u017ebenika za za\u0161titu podataka<\/h2>\n<p>Sukladno relevantnim propisima obrt Winglosa imenovao je Slu\u017ebenika za za\u0161titu podataka kojega mo\u017eete kontaktirati za sva pitanja povezana s obradom va\u0161ih osobnih podataka ili ostvarivanje svojih prava na za\u0161titu osobnih podataka.<\/p>\n<p>Kontakt:<span>\u00a0<\/span><a href=\"mailto:tehnicka-skola-ka@ka.t-com.hr\">tehnicka-skola-ka@ka.t-com.hr<\/a><\/p>\n<h2>Nadzorno tijelo<\/h2>\n<p>Ako imate prigovor u vezi sa svojim pravima, mo\u017eete uputiti primjedbu nadzornom tijelu za za\u0161titu osobnih podataka, odnosno Agenciji za za\u0161titu osobnih podataka (AZOP).<\/p>\n<p>Agencija za za\u0161titu osobnih podataka<\/p>\n<p>Marti\u0107eva ulica 14<\/p>\n<p>10 000 Zagreb<\/p>\n<p><a href=\"https:\/\/azop.hr\/\">https:\/\/azop.hr\/<\/a><\/p>\n<h2>Obavijest o promjenama<\/h2>\n<p>Sve promjene obavijesti o privatnosti bit \u0107e pravodobno objavljene na ovoj stranici ili u\u010dinjene dostupnima korisnicima na neki drugi prikladan na\u010din.<\/p>\n<\/div>\n<\/div>\n<p>[\/et_pb_text][\/et_pb_column][\/et_pb_row][\/et_pb_section]<\/p>\n","protected":false},"excerpt":{"rendered":"<p>Pravila privatnosti Na stranici https:\/\/rck.tehnicka-skola-karlovac.hr\/struka-i-ti se po\u0161tuje privatnost i sigurnost svojih korisnika kao i svih posjetitelja mre\u017ene stranice. Stoga vas ovom obavijesti o privatnosti \u017eelimo informirati koje osobne podatke prikupljamo, kako ih koristimo i kako brinemo o njihovoj za\u0161titi te koja su va\u0161a prava vezana uz obradu podataka. &nbsp; Podaci koje prikupljamo Na ovoj mre\u017enoj [&hellip;]<\/p>\n","protected":false},"author":1,"featured_media":0,"parent":0,"menu_order":0,"comment_status":"closed","ping_status":"closed","template":"","meta":{"_et_pb_use_builder":"on","_et_pb_old_content":"","_et_gb_content_width":"","footnotes":""},"class_list":["post-138","page","type-page","status-publish","hentry"],"yoast_head":"<!-- This site is optimized with the Yoast SEO plugin v27.3 - https:\/\/yoast.com\/product\/yoast-seo-wordpress\/ -->\n<title>Pravila privatnosti - STRuKA i TI<\/title>\n<meta name=\"robots\" content=\"index, follow, max-snippet:-1, max-image-preview:large, max-video-preview:-1\" \/>\n<link rel=\"canonical\" href=\"https:\/\/rck.tehnicka-skola-karlovac.hr\/struka-i-ti\/pravila-privatnosti\/\" \/>\n<meta property=\"og:locale\" content=\"hr_HR\" \/>\n<meta property=\"og:type\" content=\"article\" \/>\n<meta property=\"og:title\" content=\"Pravila privatnosti - STRuKA i TI\" \/>\n<meta property=\"og:description\" content=\"Pravila privatnosti Na stranici https:\/\/rck.tehnicka-skola-karlovac.hr\/struka-i-ti se po\u0161tuje privatnost i sigurnost svojih korisnika kao i svih posjetitelja mre\u017ene stranice. Stoga vas ovom obavijesti o privatnosti \u017eelimo informirati koje osobne podatke prikupljamo, kako ih koristimo i kako brinemo o njihovoj za\u0161titi te koja su va\u0161a prava vezana uz obradu podataka. &nbsp; Podaci koje prikupljamo Na ovoj mre\u017enoj [&hellip;]\" \/>\n<meta property=\"og:url\" content=\"https:\/\/rck.tehnicka-skola-karlovac.hr\/struka-i-ti\/pravila-privatnosti\/\" \/>\n<meta property=\"og:site_name\" content=\"STRuKA i TI\" \/>\n<meta property=\"article:modified_time\" content=\"2020-11-27T20:22:42+00:00\" \/>\n<meta name=\"twitter:card\" content=\"summary_large_image\" \/>\n<meta name=\"twitter:label1\" content=\"Procijenjeno vrijeme \u010ditanja\" \/>\n\t<meta name=\"twitter:data1\" content=\"3 minute\" \/>\n<script type=\"application\/ld+json\" class=\"yoast-schema-graph\">{\"@context\":\"https:\\\/\\\/schema.org\",\"@graph\":[{\"@type\":\"WebPage\",\"@id\":\"https:\\\/\\\/rck.tehnicka-skola-karlovac.hr\\\/struka-i-ti\\\/pravila-privatnosti\\\/\",\"url\":\"https:\\\/\\\/rck.tehnicka-skola-karlovac.hr\\\/struka-i-ti\\\/pravila-privatnosti\\\/\",\"name\":\"Pravila privatnosti - STRuKA i TI\",\"isPartOf\":{\"@id\":\"https:\\\/\\\/rck.tehnicka-skola-karlovac.hr\\\/struka-i-ti\\\/#website\"},\"datePublished\":\"2020-11-26T19:30:38+00:00\",\"dateModified\":\"2020-11-27T20:22:42+00:00\",\"breadcrumb\":{\"@id\":\"https:\\\/\\\/rck.tehnicka-skola-karlovac.hr\\\/struka-i-ti\\\/pravila-privatnosti\\\/#breadcrumb\"},\"inLanguage\":\"hr\",\"potentialAction\":[{\"@type\":\"ReadAction\",\"target\":[\"https:\\\/\\\/rck.tehnicka-skola-karlovac.hr\\\/struka-i-ti\\\/pravila-privatnosti\\\/\"]}]},{\"@type\":\"BreadcrumbList\",\"@id\":\"https:\\\/\\\/rck.tehnicka-skola-karlovac.hr\\\/struka-i-ti\\\/pravila-privatnosti\\\/#breadcrumb\",\"itemListElement\":[{\"@type\":\"ListItem\",\"position\":1,\"name\":\"Po\u010detna stranica\",\"item\":\"https:\\\/\\\/rck.tehnicka-skola-karlovac.hr\\\/struka-i-ti\\\/\"},{\"@type\":\"ListItem\",\"position\":2,\"name\":\"Pravila privatnosti\"}]},{\"@type\":\"WebSite\",\"@id\":\"https:\\\/\\\/rck.tehnicka-skola-karlovac.hr\\\/struka-i-ti\\\/#website\",\"url\":\"https:\\\/\\\/rck.tehnicka-skola-karlovac.hr\\\/struka-i-ti\\\/\",\"name\":\"STRuKA i TI\",\"description\":\"Tehni\u010dka \u0161kola Karlovac\",\"potentialAction\":[{\"@type\":\"SearchAction\",\"target\":{\"@type\":\"EntryPoint\",\"urlTemplate\":\"https:\\\/\\\/rck.tehnicka-skola-karlovac.hr\\\/struka-i-ti\\\/?s={search_term_string}\"},\"query-input\":{\"@type\":\"PropertyValueSpecification\",\"valueRequired\":true,\"valueName\":\"search_term_string\"}}],\"inLanguage\":\"hr\"}]}<\/script>\n<!-- \/ Yoast SEO plugin. -->","yoast_head_json":{"title":"Pravila privatnosti - STRuKA i TI","robots":{"index":"index","follow":"follow","max-snippet":"max-snippet:-1","max-image-preview":"max-image-preview:large","max-video-preview":"max-video-preview:-1"},"canonical":"https:\/\/rck.tehnicka-skola-karlovac.hr\/struka-i-ti\/pravila-privatnosti\/","og_locale":"hr_HR","og_type":"article","og_title":"Pravila privatnosti - STRuKA i TI","og_description":"Pravila privatnosti Na stranici https:\/\/rck.tehnicka-skola-karlovac.hr\/struka-i-ti se po\u0161tuje privatnost i sigurnost svojih korisnika kao i svih posjetitelja mre\u017ene stranice. Stoga vas ovom obavijesti o privatnosti \u017eelimo informirati koje osobne podatke prikupljamo, kako ih koristimo i kako brinemo o njihovoj za\u0161titi te koja su va\u0161a prava vezana uz obradu podataka. &nbsp; Podaci koje prikupljamo Na ovoj mre\u017enoj [&hellip;]","og_url":"https:\/\/rck.tehnicka-skola-karlovac.hr\/struka-i-ti\/pravila-privatnosti\/","og_site_name":"STRuKA i TI","article_modified_time":"2020-11-27T20:22:42+00:00","twitter_card":"summary_large_image","twitter_misc":{"Procijenjeno vrijeme \u010ditanja":"3 minute"},"schema":{"@context":"https:\/\/schema.org","@graph":[{"@type":"WebPage","@id":"https:\/\/rck.tehnicka-skola-karlovac.hr\/struka-i-ti\/pravila-privatnosti\/","url":"https:\/\/rck.tehnicka-skola-karlovac.hr\/struka-i-ti\/pravila-privatnosti\/","name":"Pravila privatnosti - STRuKA i TI","isPartOf":{"@id":"https:\/\/rck.tehnicka-skola-karlovac.hr\/struka-i-ti\/#website"},"datePublished":"2020-11-26T19:30:38+00:00","dateModified":"2020-11-27T20:22:42+00:00","breadcrumb":{"@id":"https:\/\/rck.tehnicka-skola-karlovac.hr\/struka-i-ti\/pravila-privatnosti\/#breadcrumb"},"inLanguage":"hr","potentialAction":[{"@type":"ReadAction","target":["https:\/\/rck.tehnicka-skola-karlovac.hr\/struka-i-ti\/pravila-privatnosti\/"]}]},{"@type":"BreadcrumbList","@id":"https:\/\/rck.tehnicka-skola-karlovac.hr\/struka-i-ti\/pravila-privatnosti\/#breadcrumb","itemListElement":[{"@type":"ListItem","position":1,"name":"Po\u010detna stranica","item":"https:\/\/rck.tehnicka-skola-karlovac.hr\/struka-i-ti\/"},{"@type":"ListItem","position":2,"name":"Pravila privatnosti"}]},{"@type":"WebSite","@id":"https:\/\/rck.tehnicka-skola-karlovac.hr\/struka-i-ti\/#website","url":"https:\/\/rck.tehnicka-skola-karlovac.hr\/struka-i-ti\/","name":"STRuKA i TI","description":"Tehni\u010dka \u0161kola Karlovac","potentialAction":[{"@type":"SearchAction","target":{"@type":"EntryPoint","urlTemplate":"https:\/\/rck.tehnicka-skola-karlovac.hr\/struka-i-ti\/?s={search_term_string}"},"query-input":{"@type":"PropertyValueSpecification","valueRequired":true,"valueName":"search_term_string"}}],"inLanguage":"hr"}]}},"_links":{"self":[{"href":"https:\/\/rck.tehnicka-skola-karlovac.hr\/struka-i-ti\/wp-json\/wp\/v2\/pages\/138","targetHints":{"allow":["GET"]}}],"collection":[{"href":"https:\/\/rck.tehnicka-skola-karlovac.hr\/struka-i-ti\/wp-json\/wp\/v2\/pages"}],"about":[{"href":"https:\/\/rck.tehnicka-skola-karlovac.hr\/struka-i-ti\/wp-json\/wp\/v2\/types\/page"}],"author":[{"embeddable":true,"href":"https:\/\/rck.tehnicka-skola-karlovac.hr\/struka-i-ti\/wp-json\/wp\/v2\/users\/1"}],"replies":[{"embeddable":true,"href":"https:\/\/rck.tehnicka-skola-karlovac.hr\/struka-i-ti\/wp-json\/wp\/v2\/comments?post=138"}],"version-history":[{"count":3,"href":"https:\/\/rck.tehnicka-skola-karlovac.hr\/struka-i-ti\/wp-json\/wp\/v2\/pages\/138\/revisions"}],"predecessor-version":[{"id":276,"href":"https:\/\/rck.tehnicka-skola-karlovac.hr\/struka-i-ti\/wp-json\/wp\/v2\/pages\/138\/revisions\/276"}],"wp:attachment":[{"href":"https:\/\/rck.tehnicka-skola-karlovac.hr\/struka-i-ti\/wp-json\/wp\/v2\/media?parent=138"}],"curies":[{"name":"wp","href":"https:\/\/api.w.org\/{rel}","templated":true}]}}