{"id":14,"date":"2020-11-25T17:46:30","date_gmt":"2020-11-25T16:46:30","guid":{"rendered":"http:\/\/rck.tehnicka-skola-karlovac.hr\/struka-i-ti\/?page_id=14"},"modified":"2021-02-05T14:25:57","modified_gmt":"2021-02-05T13:25:57","slug":"partneri-i-suradnici","status":"publish","type":"page","link":"https:\/\/rck.tehnicka-skola-karlovac.hr\/struka-i-ti\/partneri-i-suradnici\/","title":{"rendered":"Partneri i suradnici"},"content":{"rendered":"<p>[et_pb_section fb_built=&#8221;1&#8243; custom_padding_last_edited=&#8221;on|desktop&#8221; next_background_color=&#8221;#ffffff&#8221; admin_label=&#8221;Header&#8221; _builder_version=&#8221;4.7.4&#8243; use_background_color_gradient=&#8221;on&#8221; background_color_gradient_start=&#8221;#FB570D&#8221; background_color_gradient_end=&#8221;#265BD9&#8243; background_color_gradient_direction=&#8221;130deg&#8221; background_image=&#8221;https:\/\/rck.tehnicka-skola-karlovac.hr\/struka-i-ti\/wp-content\/uploads\/2020\/11\/struka-i-ti-header.png&#8221; parallax=&#8221;on&#8221; parallax_method=&#8221;off&#8221; custom_padding=&#8221;4vw||9vw||false|false&#8221; custom_padding_tablet=&#8221;100px||100px||true&#8221; custom_padding_phone=&#8221;||||true&#8221; bottom_divider_style=&#8221;mountains2&#8243; bottom_divider_height=&#8221;156px&#8221; bottom_divider_flip=&#8221;horizontal&#8221; bottom_divider_height_tablet=&#8221;150px&#8221; bottom_divider_height_phone=&#8221;110px&#8221; bottom_divider_height_last_edited=&#8221;on|phone&#8221; saved_tabs=&#8221;all&#8221;][et_pb_row _builder_version=&#8221;4.7.4&#8243; custom_padding=&#8221;31px|||||&#8221;][et_pb_column type=&#8221;4_4&#8243; _builder_version=&#8221;3.25&#8243; custom_padding=&#8221;|||&#8221; custom_padding__hover=&#8221;|||&#8221;][et_pb_text _builder_version=&#8221;4.7.4&#8243; text_font=&#8221;Roboto||||||||&#8221; text_font_size=&#8221;16px&#8221; text_line_height=&#8221;1.8em&#8221; header_font=&#8221;Spartan|700|||||||&#8221; header_text_align=&#8221;center&#8221; header_font_size=&#8221;80px&#8221; header_line_height=&#8221;1.2em&#8221; header_3_font=&#8221;Roboto|700||on|||||&#8221; header_3_text_align=&#8221;center&#8221; header_3_text_color=&#8221;#ffffff&#8221; header_3_font_size=&#8221;24px&#8221; header_3_letter_spacing=&#8221;10px&#8221; header_3_line_height=&#8221;2em&#8221; text_orientation=&#8221;center&#8221; background_layout=&#8221;dark&#8221; module_alignment=&#8221;center&#8221; text_font_size_last_edited=&#8221;off|desktop&#8221; header_font_size_tablet=&#8221;40px&#8221; header_font_size_phone=&#8221;32px&#8221; header_font_size_last_edited=&#8221;on|phone&#8221; header_3_font_size_tablet=&#8221;16px&#8221; header_3_font_size_phone=&#8221;14px&#8221; header_3_font_size_last_edited=&#8221;on|phone&#8221; header_3_letter_spacing_tablet=&#8221;5px&#8221; header_3_letter_spacing_phone=&#8221;&#8221; header_3_letter_spacing_last_edited=&#8221;on|tablet&#8221;]<\/p>\n<h1>Partneri i suradnici<\/h1>\n<p>[\/et_pb_text][\/et_pb_column][\/et_pb_row][\/et_pb_section][et_pb_section fb_built=&#8221;1&#8243; _builder_version=&#8221;4.7.4&#8243; _module_preset=&#8221;default&#8221; background_image=&#8221;https:\/\/rck.tehnicka-skola-karlovac.hr\/struka-i-ti\/wp-content\/uploads\/2020\/11\/pozadina.png&#8221; custom_padding=&#8221;9px||30px|||&#8221;][et_pb_row use_custom_gutter=&#8221;on&#8221; _builder_version=&#8221;4.7.7&#8243; _module_preset=&#8221;default&#8221; module_alignment=&#8221;center&#8221;][et_pb_column type=&#8221;4_4&#8243; _builder_version=&#8221;4.7.4&#8243; _module_preset=&#8221;default&#8221;][et_pb_blurb title=&#8221; Strukovne \u0161kole  &#8221; use_icon=&#8221;on&#8221; font_icon=&#8221;%%32%%&#8221; icon_placement=&#8221;left&#8221; _builder_version=&#8221;4.8.0&#8243; _module_preset=&#8221;default&#8221; header_font_size=&#8221;20px&#8221; header_line_height=&#8221;1.6em&#8221; body_font_size=&#8221;16px&#8221; module_alignment=&#8221;left&#8221;]<\/p>\n<p>Tehni\u010dka \u0161kola Karlovac, Strukovna \u0161kola Gospi\u0107, Obrtni\u010dko tehni\u010dka \u0161kola Ogulin, Tehni\u010dka \u0161kola Po\u017eega, Srednja \u0161kola Slunj<\/p>\n<p>[\/et_pb_blurb][et_pb_blurb title=&#8221;Javni sektor&#8221; use_icon=&#8221;on&#8221; font_icon=&#8221;%%32%%&#8221; icon_color=&#8221;#ee6046&#8243; icon_placement=&#8221;left&#8221; _builder_version=&#8221;4.7.4&#8243; _module_preset=&#8221;default&#8221; header_font_size=&#8221;20px&#8221; header_line_height=&#8221;1.6em&#8221; body_font_size=&#8221;16px&#8221; module_alignment=&#8221;left&#8221;]<\/p>\n<p>Karlova\u010dka \u017eupanija, Hrvatska gospodarska komora, HZZ (Karlovac)<\/p>\n<p>[\/et_pb_blurb][et_pb_blurb title=&#8221;Akademska i znanstvena zajednica &#8221; use_icon=&#8221;on&#8221; font_icon=&#8221;%%32%%&#8221; icon_placement=&#8221;left&#8221; _builder_version=&#8221;4.7.4&#8243; _module_preset=&#8221;default&#8221; header_font_size=&#8221;20px&#8221; header_line_height=&#8221;1.6em&#8221; body_font_size=&#8221;16px&#8221; module_alignment=&#8221;left&#8221;]<\/p>\n<p>Tehni\u010dko veleu\u010dili\u0161te u Zagrebu, Veleu\u010dili\u0161te u Karlovcu<\/p>\n<p>[\/et_pb_blurb][et_pb_blurb title=&#8221;Obrazovanje odraslih&#8221; use_icon=&#8221;on&#8221; font_icon=&#8221;%%32%%&#8221; icon_color=&#8221;#ee6046&#8243; icon_placement=&#8221;left&#8221; _builder_version=&#8221;4.7.7&#8243; _module_preset=&#8221;default&#8221; header_font_size=&#8221;20px&#8221; header_line_height=&#8221;1.6em&#8221; body_font_size=&#8221;16px&#8221; module_alignment=&#8221;left&#8221;]<\/p>\n<p>Pu\u010dko otvoreno u\u010dili\u0161te Zagreb, Praxis &#8211; u\u010dili\u0161te za prakti\u010dna znanja<\/p>\n<p>[\/et_pb_blurb][et_pb_blurb title=&#8221;Civilni sektor &#8221; use_icon=&#8221;on&#8221; font_icon=&#8221;%%32%%&#8221; icon_placement=&#8221;left&#8221; _builder_version=&#8221;4.7.4&#8243; _module_preset=&#8221;default&#8221; header_font_size=&#8221;20px&#8221; header_line_height=&#8221;1.6em&#8221; body_font_size=&#8221;16px&#8221; module_alignment=&#8221;left&#8221;]<\/p>\n<p>Savez udruga osoba s invaliditetom Karlova\u010dke \u017eupanije, Udruga u\u010deni\u010dkih domova Republike Hrvatske<\/p>\n<p>[\/et_pb_blurb][et_pb_blurb title=&#8221;Gospodarski sektor &#8221; use_icon=&#8221;on&#8221; font_icon=&#8221;%%32%%&#8221; icon_placement=&#8221;left&#8221; _builder_version=&#8221;4.8.0&#8243; _module_preset=&#8221;default&#8221; header_font_size=&#8221;20px&#8221; header_line_height=&#8221;1.6em&#8221; body_font_size=&#8221;16px&#8221; module_alignment=&#8221;left&#8221;]<\/p>\n<p>DW Reusables d.o.o., Heineken Hrvatska d.o.o.,\u00a0HS Produkt d.o.o., Kelteks d.o.o., TTK d.o.o., \u017ditoprozvod d.d.,\u00a0<\/p>\n<p>[\/et_pb_blurb][\/et_pb_column][\/et_pb_row][\/et_pb_section][et_pb_section fb_built=&#8221;1&#8243; _builder_version=&#8221;4.7.7&#8243; _module_preset=&#8221;default&#8221; custom_padding=&#8221;3px||17px|||&#8221;][et_pb_row column_structure=&#8221;1_5,1_5,1_5,1_5,1_5&#8243; make_equal=&#8221;on&#8221; _builder_version=&#8221;4.7.7&#8243; _module_preset=&#8221;default&#8221;][et_pb_column type=&#8221;1_5&#8243; _builder_version=&#8221;4.7.7&#8243; _module_preset=&#8221;default&#8221;][et_pb_image src=&#8221;https:\/\/rck.tehnicka-skola-karlovac.hr\/struka-i-ti\/wp-content\/uploads\/2020\/12\/1.-TSK-logo.jpg&#8221; title_text=&#8221;1. T\u0160K logo&#8221; url=&#8221;http:\/\/www.tehnicka-skola-karlovac.hr\/&#8221; url_new_window=&#8221;on&#8221; align=&#8221;center&#8221; _builder_version=&#8221;4.8.0&#8243; _module_preset=&#8221;default&#8221; transform_scale=&#8221;134%|134%&#8221; transform_translate=&#8221;16px|5px&#8221; max_height=&#8221;100px&#8221;][\/et_pb_image][\/et_pb_column][et_pb_column type=&#8221;1_5&#8243; _builder_version=&#8221;4.7.7&#8243; _module_preset=&#8221;default&#8221;][et_pb_image src=&#8221;https:\/\/rck.tehnicka-skola-karlovac.hr\/struka-i-ti\/wp-content\/uploads\/2020\/12\/3.-KZ.png&#8221; title_text=&#8221;3. K\u017d&#8221; url=&#8221;https:\/\/www.kazup.hr\/&#8221; url_new_window=&#8221;on&#8221; align=&#8221;center&#8221; _builder_version=&#8221;4.7.7&#8243; _module_preset=&#8221;default&#8221; max_height=&#8221;100px&#8221;][\/et_pb_image][\/et_pb_column][et_pb_column type=&#8221;1_5&#8243; _builder_version=&#8221;4.7.7&#8243; _module_preset=&#8221;default&#8221;][et_pb_image src=&#8221;https:\/\/rck.tehnicka-skola-karlovac.hr\/struka-i-ti\/wp-content\/uploads\/2020\/12\/2.-Praxis.png&#8221; title_text=&#8221;2. Praxis&#8221; url=&#8221;https:\/\/uciliste-praxis.hr\/&#8221; url_new_window=&#8221;on&#8221; align=&#8221;center&#8221; _builder_version=&#8221;4.7.7&#8243; _module_preset=&#8221;default&#8221; max_height=&#8221;100px&#8221; custom_padding=&#8221;23px||||false|false&#8221;][\/et_pb_image][\/et_pb_column][et_pb_column type=&#8221;1_5&#8243; _builder_version=&#8221;4.7.7&#8243; _module_preset=&#8221;default&#8221;][et_pb_image src=&#8221;https:\/\/rck.tehnicka-skola-karlovac.hr\/struka-i-ti\/wp-content\/uploads\/2020\/12\/11.-dw-reusables.png&#8221; title_text=&#8221;11. dw reusables&#8221; url=&#8221;https:\/\/www.dwreusables.com\/&#8221; url_new_window=&#8221;on&#8221; align=&#8221;center&#8221; _builder_version=&#8221;4.8.0&#8243; _module_preset=&#8221;default&#8221; transform_scale=&#8221;90%|90%&#8221; max_height=&#8221;100px&#8221; custom_padding=&#8221;3px||||false|false&#8221;][\/et_pb_image][\/et_pb_column][et_pb_column type=&#8221;1_5&#8243; _builder_version=&#8221;4.7.7&#8243; _module_preset=&#8221;default&#8221;][et_pb_text _builder_version=&#8221;4.8.0&#8243; _module_preset=&#8221;default&#8221; header_2_font_size=&#8221;28px&#8221; header_2_line_height=&#8221;1.3em&#8221; transform_scale=&#8221;74%|74%&#8221; link_option_url=&#8221;http:\/\/www.ss-strukovna-gospic.skole.hr\/&#8221; link_option_url_new_window=&#8221;on&#8221;]<\/p>\n<h2 style=\"text-align: center;\">Strukovna \u0161kola Gospi\u0107<\/h2>\n<p>[\/et_pb_text][\/et_pb_column][\/et_pb_row][et_pb_row column_structure=&#8221;1_5,1_5,1_5,1_5,1_5&#8243; make_equal=&#8221;on&#8221; _builder_version=&#8221;4.7.7&#8243; _module_preset=&#8221;default&#8221;][et_pb_column type=&#8221;1_5&#8243; _builder_version=&#8221;4.7.7&#8243; _module_preset=&#8221;default&#8221;][et_pb_image src=&#8221;https:\/\/rck.tehnicka-skola-karlovac.hr\/struka-i-ti\/wp-content\/uploads\/2020\/12\/12.-Heineken.png&#8221; title_text=&#8221;12. Heineken&#8221; url=&#8221;https:\/\/heineken.hr\/age-gate&#8221; url_new_window=&#8221;on&#8221; align=&#8221;center&#8221; _builder_version=&#8221;4.7.7&#8243; _module_preset=&#8221;default&#8221; max_height=&#8221;100px&#8221; custom_padding=&#8221;19px||||false|false&#8221;][\/et_pb_image][\/et_pb_column][et_pb_column type=&#8221;1_5&#8243; _builder_version=&#8221;4.7.7&#8243; _module_preset=&#8221;default&#8221;][et_pb_image src=&#8221;https:\/\/rck.tehnicka-skola-karlovac.hr\/struka-i-ti\/wp-content\/uploads\/2020\/12\/4.-HGK.png&#8221; title_text=&#8221;4. HGK&#8221; url=&#8221;https:\/\/www.hgk.hr\/&#8221; url_new_window=&#8221;on&#8221; align=&#8221;center&#8221; _builder_version=&#8221;4.7.7&#8243; _module_preset=&#8221;default&#8221; max_height=&#8221;100px&#8221;][\/et_pb_image][\/et_pb_column][et_pb_column type=&#8221;1_5&#8243; _builder_version=&#8221;4.7.7&#8243; _module_preset=&#8221;default&#8221;][et_pb_image src=&#8221;https:\/\/rck.tehnicka-skola-karlovac.hr\/struka-i-ti\/wp-content\/uploads\/2020\/12\/16.-HS-Produkt.jpg&#8221; title_text=&#8221;16. HS Produkt&#8221; url=&#8221;https:\/\/hs-produkt.hr\/&#8221; url_new_window=&#8221;on&#8221; align=&#8221;center&#8221; _builder_version=&#8221;4.8.0&#8243; _module_preset=&#8221;default&#8221; transform_scale=&#8221;72%|72%&#8221; max_height=&#8221;100px&#8221; custom_padding=&#8221;3px||||false|false&#8221;][\/et_pb_image][\/et_pb_column][et_pb_column type=&#8221;1_5&#8243; _builder_version=&#8221;4.7.7&#8243; _module_preset=&#8221;default&#8221;][et_pb_image src=&#8221;https:\/\/rck.tehnicka-skola-karlovac.hr\/struka-i-ti\/wp-content\/uploads\/2020\/12\/5.-hzz.jpg&#8221; title_text=&#8221;5. hzz&#8221; url=&#8221;https:\/\/www.hzz.hr\/adrese-i-kontakt\/podrucni-ured-karlovac.php&#8221; url_new_window=&#8221;on&#8221; align=&#8221;center&#8221; _builder_version=&#8221;4.7.7&#8243; _module_preset=&#8221;default&#8221; max_height=&#8221;100px&#8221;][\/et_pb_image][\/et_pb_column][et_pb_column type=&#8221;1_5&#8243; _builder_version=&#8221;4.7.7&#8243; _module_preset=&#8221;default&#8221;][et_pb_image src=&#8221;https:\/\/rck.tehnicka-skola-karlovac.hr\/struka-i-ti\/wp-content\/uploads\/2020\/12\/13.-KELTEKS.png&#8221; title_text=&#8221;13. KELTEKS&#8221; url=&#8221;https:\/\/www.kelteks.hr\/&#8221; url_new_window=&#8221;on&#8221; align=&#8221;center&#8221; _builder_version=&#8221;4.7.7&#8243; _module_preset=&#8221;default&#8221; max_height=&#8221;100px&#8221; custom_padding=&#8221;19px||||false|false&#8221;][\/et_pb_image][\/et_pb_column][\/et_pb_row][et_pb_row column_structure=&#8221;1_5,1_5,1_5,1_5,1_5&#8243; make_equal=&#8221;on&#8221; _builder_version=&#8221;4.7.7&#8243; _module_preset=&#8221;default&#8221; custom_padding=&#8221;||0px|||&#8221;][et_pb_column type=&#8221;1_5&#8243; _builder_version=&#8221;4.7.7&#8243; _module_preset=&#8221;default&#8221;][et_pb_image src=&#8221;https:\/\/rck.tehnicka-skola-karlovac.hr\/struka-i-ti\/wp-content\/uploads\/2020\/12\/20.-OTS-Ogulin.jpg&#8221; title_text=&#8221;20. OT\u0160 Ogulin&#8221; url=&#8221;https:\/\/www.otsog.hr\/&#8221; url_new_window=&#8221;on&#8221; align=&#8221;center&#8221; _builder_version=&#8221;4.7.7&#8243; _module_preset=&#8221;default&#8221; max_height=&#8221;100px&#8221; custom_padding=&#8221;30px||||false|false&#8221;][\/et_pb_image][\/et_pb_column][et_pb_column type=&#8221;1_5&#8243; _builder_version=&#8221;4.7.7&#8243; _module_preset=&#8221;default&#8221;][et_pb_image src=&#8221;https:\/\/rck.tehnicka-skola-karlovac.hr\/struka-i-ti\/wp-content\/uploads\/2020\/12\/17.-TS-Pozega.jpg&#8221; title_text=&#8221;17.-T\u0160-Po\u017eega&#8221; url=&#8221;https:\/\/www.tehnickaskola.net\/&#8221; url_new_window=&#8221;on&#8221; _builder_version=&#8221;4.8.0&#8243; _module_preset=&#8221;default&#8221; transform_scale=&#8221;76%|76%&#8221; transform_translate=&#8221;-1px|-37px&#8221;][\/et_pb_image][\/et_pb_column][et_pb_column type=&#8221;1_5&#8243; _builder_version=&#8221;4.7.7&#8243; _module_preset=&#8221;default&#8221;][et_pb_image src=&#8221;https:\/\/rck.tehnicka-skola-karlovac.hr\/struka-i-ti\/wp-content\/uploads\/2020\/12\/10.-POU-ZG-.png&#8221; title_text=&#8221;10. POU ZG&#8221; url=&#8221;https:\/\/www.pou.hr\/&#8221; url_new_window=&#8221;on&#8221; align=&#8221;center&#8221; _builder_version=&#8221;4.8.0&#8243; _module_preset=&#8221;default&#8221; transform_scale=&#8221;114%|114%&#8221; max_height=&#8221;100px&#8221;][\/et_pb_image][\/et_pb_column][et_pb_column type=&#8221;1_5&#8243; _builder_version=&#8221;4.7.7&#8243; _module_preset=&#8221;default&#8221;][et_pb_text _builder_version=&#8221;4.8.0&#8243; _module_preset=&#8221;default&#8221; text_font=&#8221;Spartan|600|||||||&#8221; text_text_color=&#8221;#000000&#8243; link_option_url=&#8221;http:\/\/www.suoikz.hr\/&#8221; link_option_url_new_window=&#8221;on&#8221;]<\/p>\n<p>Savez udruga osoba s invaliditetom Karlova\u010dke \u017eupanije<\/p>\n<p>[\/et_pb_text][\/et_pb_column][et_pb_column type=&#8221;1_5&#8243; _builder_version=&#8221;4.7.7&#8243; _module_preset=&#8221;default&#8221;][et_pb_text _builder_version=&#8221;4.8.0&#8243; _module_preset=&#8221;default&#8221; header_2_font_size=&#8221;28px&#8221; header_2_line_height=&#8221;1.3em&#8221; transform_scale=&#8221;80%|80%&#8221; link_option_url=&#8221;http:\/\/ss-slunj.skole.hr\/&#8221; link_option_url_new_window=&#8221;on&#8221;]<\/p>\n<h2 style=\"text-align: center;\"><span>Srednja \u0161kola Slunj<\/span><\/h2>\n<p>[\/et_pb_text][\/et_pb_column][\/et_pb_row][et_pb_row column_structure=&#8221;1_5,1_5,1_5,1_5,1_5&#8243; make_equal=&#8221;on&#8221; _builder_version=&#8221;4.7.7&#8243; _module_preset=&#8221;default&#8221; custom_margin=&#8221;-20px|auto||auto||&#8221;][et_pb_column type=&#8221;1_5&#8243; _builder_version=&#8221;4.7.7&#8243; _module_preset=&#8221;default&#8221;][et_pb_image src=&#8221;https:\/\/rck.tehnicka-skola-karlovac.hr\/struka-i-ti\/wp-content\/uploads\/2020\/12\/8.-TVZ.jpg&#8221; title_text=&#8221;8. TVZ&#8221; url=&#8221;https:\/\/www.tvz.hr\/&#8221; url_new_window=&#8221;on&#8221; align=&#8221;center&#8221; _builder_version=&#8221;4.8.0&#8243; _module_preset=&#8221;default&#8221; transform_translate=&#8221;-8px|-19px&#8221; max_height=&#8221;100px&#8221;][\/et_pb_image][\/et_pb_column][et_pb_column type=&#8221;1_5&#8243; _builder_version=&#8221;4.7.7&#8243; _module_preset=&#8221;default&#8221;][et_pb_image src=&#8221;https:\/\/rck.tehnicka-skola-karlovac.hr\/struka-i-ti\/wp-content\/uploads\/2020\/12\/14.-TTK.png&#8221; title_text=&#8221;14. TTK&#8221; url=&#8221;http:\/\/www.ttk.hr\/&#8221; url_new_window=&#8221;on&#8221; align=&#8221;center&#8221; _builder_version=&#8221;4.8.0&#8243; _module_preset=&#8221;default&#8221; transform_scale=&#8221;173%|173%&#8221; transform_translate=&#8221;16px|-12px&#8221; max_height=&#8221;100px&#8221; custom_padding=&#8221;43px||||false|false&#8221;][\/et_pb_image][\/et_pb_column][et_pb_column type=&#8221;1_5&#8243; _builder_version=&#8221;4.7.7&#8243; _module_preset=&#8221;default&#8221;][et_pb_image src=&#8221;https:\/\/rck.tehnicka-skola-karlovac.hr\/struka-i-ti\/wp-content\/uploads\/2020\/12\/7.-UUDRH.png&#8221; title_text=&#8221;7. UUDRH&#8221; url=&#8221;https:\/\/www.uudrh.hr\/&#8221; url_new_window=&#8221;on&#8221; align=&#8221;center&#8221; _builder_version=&#8221;4.8.0&#8243; _module_preset=&#8221;default&#8221; transform_scale=&#8221;136%|136%&#8221; max_height=&#8221;100px&#8221; custom_padding=&#8221;23px||||false|false&#8221;][\/et_pb_image][\/et_pb_column][et_pb_column type=&#8221;1_5&#8243; _builder_version=&#8221;4.7.7&#8243; _module_preset=&#8221;default&#8221;][et_pb_image src=&#8221;https:\/\/rck.tehnicka-skola-karlovac.hr\/struka-i-ti\/wp-content\/uploads\/2020\/12\/9.-VUKA.png&#8221; title_text=&#8221;9. VUKA&#8221; url=&#8221;https:\/\/www.vuka.hr\/index.php?id=veleuciliste_u_karlovcu&#8221; url_new_window=&#8221;on&#8221; align=&#8221;center&#8221; _builder_version=&#8221;4.8.0&#8243; _module_preset=&#8221;default&#8221; transform_scale=&#8221;124%|124%&#8221; transform_translate=&#8221;-4px|-14px&#8221; max_height=&#8221;100px&#8221;][\/et_pb_image][\/et_pb_column][et_pb_column type=&#8221;1_5&#8243; _builder_version=&#8221;4.7.7&#8243; _module_preset=&#8221;default&#8221;][et_pb_image src=&#8221;https:\/\/rck.tehnicka-skola-karlovac.hr\/struka-i-ti\/wp-content\/uploads\/2020\/12\/15.-Zitoproizvod.png&#8221; title_text=&#8221;15. \u017ditoproizvod&#8221; url=&#8221;http:\/\/www.zitoproizvod.hr\/&#8221; url_new_window=&#8221;on&#8221; align=&#8221;center&#8221; _builder_version=&#8221;4.8.0&#8243; _module_preset=&#8221;default&#8221; transform_translate=&#8221;-8px|-18px&#8221; max_height=&#8221;100px&#8221; custom_padding=&#8221;19px||||false|false&#8221;][\/et_pb_image][\/et_pb_column][\/et_pb_row][\/et_pb_section]<\/p>\n","protected":false},"excerpt":{"rendered":"<p>Partneri i suradniciTehni\u010dka \u0161kola Karlovac, Strukovna \u0161kola Gospi\u0107, Obrtni\u010dko tehni\u010dka \u0161kola Ogulin, Tehni\u010dka \u0161kola Po\u017eega, Srednja \u0161kola SlunjKarlova\u010dka \u017eupanija, Hrvatska gospodarska komora, HZZ (Karlovac)Tehni\u010dko veleu\u010dili\u0161te u Zagrebu, Veleu\u010dili\u0161te u KarlovcuPu\u010dko otvoreno u\u010dili\u0161te Zagreb, Praxis &#8211; u\u010dili\u0161te za prakti\u010dna znanjaSavez udruga osoba s invaliditetom Karlova\u010dke \u017eupanije, Udruga u\u010deni\u010dkih domova Republike HrvatskeDW Reusables d.o.o., Heineken Hrvatska d.o.o.,\u00a0HS [&hellip;]<\/p>\n","protected":false},"author":1,"featured_media":0,"parent":0,"menu_order":0,"comment_status":"closed","ping_status":"closed","template":"","meta":{"_et_pb_use_builder":"on","_et_pb_old_content":"","_et_gb_content_width":"","footnotes":""},"class_list":["post-14","page","type-page","status-publish","hentry"],"yoast_head":"<!-- This site is optimized with the Yoast SEO plugin v27.3 - https:\/\/yoast.com\/product\/yoast-seo-wordpress\/ -->\n<title>Partneri i suradnici - STRuKA i TI<\/title>\n<meta name=\"robots\" content=\"index, follow, max-snippet:-1, max-image-preview:large, max-video-preview:-1\" \/>\n<link rel=\"canonical\" href=\"https:\/\/rck.tehnicka-skola-karlovac.hr\/struka-i-ti\/partneri-i-suradnici\/\" \/>\n<meta property=\"og:locale\" content=\"hr_HR\" \/>\n<meta property=\"og:type\" content=\"article\" \/>\n<meta property=\"og:title\" content=\"Partneri i suradnici - STRuKA i TI\" \/>\n<meta property=\"og:description\" content=\"Partneri i suradniciTehni\u010dka \u0161kola Karlovac, Strukovna \u0161kola Gospi\u0107, Obrtni\u010dko tehni\u010dka \u0161kola Ogulin, Tehni\u010dka \u0161kola Po\u017eega, Srednja \u0161kola SlunjKarlova\u010dka \u017eupanija, Hrvatska gospodarska komora, HZZ (Karlovac)Tehni\u010dko veleu\u010dili\u0161te u Zagrebu, Veleu\u010dili\u0161te u KarlovcuPu\u010dko otvoreno u\u010dili\u0161te Zagreb, Praxis - u\u010dili\u0161te za prakti\u010dna znanjaSavez udruga osoba s invaliditetom Karlova\u010dke \u017eupanije, Udruga u\u010deni\u010dkih domova Republike HrvatskeDW Reusables d.o.o., Heineken Hrvatska d.o.o.,\u00a0HS [&hellip;]\" \/>\n<meta property=\"og:url\" content=\"https:\/\/rck.tehnicka-skola-karlovac.hr\/struka-i-ti\/partneri-i-suradnici\/\" \/>\n<meta property=\"og:site_name\" content=\"STRuKA i TI\" \/>\n<meta property=\"article:modified_time\" content=\"2021-02-05T13:25:57+00:00\" \/>\n<meta name=\"twitter:card\" content=\"summary_large_image\" \/>\n<meta name=\"twitter:label1\" content=\"Procijenjeno vrijeme \u010ditanja\" \/>\n\t<meta name=\"twitter:data1\" content=\"9 minuta\" \/>\n<script type=\"application\/ld+json\" class=\"yoast-schema-graph\">{\"@context\":\"https:\\\/\\\/schema.org\",\"@graph\":[{\"@type\":\"WebPage\",\"@id\":\"https:\\\/\\\/rck.tehnicka-skola-karlovac.hr\\\/struka-i-ti\\\/partneri-i-suradnici\\\/\",\"url\":\"https:\\\/\\\/rck.tehnicka-skola-karlovac.hr\\\/struka-i-ti\\\/partneri-i-suradnici\\\/\",\"name\":\"Partneri i suradnici - STRuKA i TI\",\"isPartOf\":{\"@id\":\"https:\\\/\\\/rck.tehnicka-skola-karlovac.hr\\\/struka-i-ti\\\/#website\"},\"datePublished\":\"2020-11-25T16:46:30+00:00\",\"dateModified\":\"2021-02-05T13:25:57+00:00\",\"breadcrumb\":{\"@id\":\"https:\\\/\\\/rck.tehnicka-skola-karlovac.hr\\\/struka-i-ti\\\/partneri-i-suradnici\\\/#breadcrumb\"},\"inLanguage\":\"hr\",\"potentialAction\":[{\"@type\":\"ReadAction\",\"target\":[\"https:\\\/\\\/rck.tehnicka-skola-karlovac.hr\\\/struka-i-ti\\\/partneri-i-suradnici\\\/\"]}]},{\"@type\":\"BreadcrumbList\",\"@id\":\"https:\\\/\\\/rck.tehnicka-skola-karlovac.hr\\\/struka-i-ti\\\/partneri-i-suradnici\\\/#breadcrumb\",\"itemListElement\":[{\"@type\":\"ListItem\",\"position\":1,\"name\":\"Po\u010detna stranica\",\"item\":\"https:\\\/\\\/rck.tehnicka-skola-karlovac.hr\\\/struka-i-ti\\\/\"},{\"@type\":\"ListItem\",\"position\":2,\"name\":\"Partneri i suradnici\"}]},{\"@type\":\"WebSite\",\"@id\":\"https:\\\/\\\/rck.tehnicka-skola-karlovac.hr\\\/struka-i-ti\\\/#website\",\"url\":\"https:\\\/\\\/rck.tehnicka-skola-karlovac.hr\\\/struka-i-ti\\\/\",\"name\":\"STRuKA i TI\",\"description\":\"Tehni\u010dka \u0161kola Karlovac\",\"potentialAction\":[{\"@type\":\"SearchAction\",\"target\":{\"@type\":\"EntryPoint\",\"urlTemplate\":\"https:\\\/\\\/rck.tehnicka-skola-karlovac.hr\\\/struka-i-ti\\\/?s={search_term_string}\"},\"query-input\":{\"@type\":\"PropertyValueSpecification\",\"valueRequired\":true,\"valueName\":\"search_term_string\"}}],\"inLanguage\":\"hr\"}]}<\/script>\n<!-- \/ Yoast SEO plugin. -->","yoast_head_json":{"title":"Partneri i suradnici - STRuKA i TI","robots":{"index":"index","follow":"follow","max-snippet":"max-snippet:-1","max-image-preview":"max-image-preview:large","max-video-preview":"max-video-preview:-1"},"canonical":"https:\/\/rck.tehnicka-skola-karlovac.hr\/struka-i-ti\/partneri-i-suradnici\/","og_locale":"hr_HR","og_type":"article","og_title":"Partneri i suradnici - STRuKA i TI","og_description":"Partneri i suradniciTehni\u010dka \u0161kola Karlovac, Strukovna \u0161kola Gospi\u0107, Obrtni\u010dko tehni\u010dka \u0161kola Ogulin, Tehni\u010dka \u0161kola Po\u017eega, Srednja \u0161kola SlunjKarlova\u010dka \u017eupanija, Hrvatska gospodarska komora, HZZ (Karlovac)Tehni\u010dko veleu\u010dili\u0161te u Zagrebu, Veleu\u010dili\u0161te u KarlovcuPu\u010dko otvoreno u\u010dili\u0161te Zagreb, Praxis - u\u010dili\u0161te za prakti\u010dna znanjaSavez udruga osoba s invaliditetom Karlova\u010dke \u017eupanije, Udruga u\u010deni\u010dkih domova Republike HrvatskeDW Reusables d.o.o., Heineken Hrvatska d.o.o.,\u00a0HS [&hellip;]","og_url":"https:\/\/rck.tehnicka-skola-karlovac.hr\/struka-i-ti\/partneri-i-suradnici\/","og_site_name":"STRuKA i TI","article_modified_time":"2021-02-05T13:25:57+00:00","twitter_card":"summary_large_image","twitter_misc":{"Procijenjeno vrijeme \u010ditanja":"9 minuta"},"schema":{"@context":"https:\/\/schema.org","@graph":[{"@type":"WebPage","@id":"https:\/\/rck.tehnicka-skola-karlovac.hr\/struka-i-ti\/partneri-i-suradnici\/","url":"https:\/\/rck.tehnicka-skola-karlovac.hr\/struka-i-ti\/partneri-i-suradnici\/","name":"Partneri i suradnici - STRuKA i TI","isPartOf":{"@id":"https:\/\/rck.tehnicka-skola-karlovac.hr\/struka-i-ti\/#website"},"datePublished":"2020-11-25T16:46:30+00:00","dateModified":"2021-02-05T13:25:57+00:00","breadcrumb":{"@id":"https:\/\/rck.tehnicka-skola-karlovac.hr\/struka-i-ti\/partneri-i-suradnici\/#breadcrumb"},"inLanguage":"hr","potentialAction":[{"@type":"ReadAction","target":["https:\/\/rck.tehnicka-skola-karlovac.hr\/struka-i-ti\/partneri-i-suradnici\/"]}]},{"@type":"BreadcrumbList","@id":"https:\/\/rck.tehnicka-skola-karlovac.hr\/struka-i-ti\/partneri-i-suradnici\/#breadcrumb","itemListElement":[{"@type":"ListItem","position":1,"name":"Po\u010detna stranica","item":"https:\/\/rck.tehnicka-skola-karlovac.hr\/struka-i-ti\/"},{"@type":"ListItem","position":2,"name":"Partneri i suradnici"}]},{"@type":"WebSite","@id":"https:\/\/rck.tehnicka-skola-karlovac.hr\/struka-i-ti\/#website","url":"https:\/\/rck.tehnicka-skola-karlovac.hr\/struka-i-ti\/","name":"STRuKA i TI","description":"Tehni\u010dka \u0161kola Karlovac","potentialAction":[{"@type":"SearchAction","target":{"@type":"EntryPoint","urlTemplate":"https:\/\/rck.tehnicka-skola-karlovac.hr\/struka-i-ti\/?s={search_term_string}"},"query-input":{"@type":"PropertyValueSpecification","valueRequired":true,"valueName":"search_term_string"}}],"inLanguage":"hr"}]}},"_links":{"self":[{"href":"https:\/\/rck.tehnicka-skola-karlovac.hr\/struka-i-ti\/wp-json\/wp\/v2\/pages\/14","targetHints":{"allow":["GET"]}}],"collection":[{"href":"https:\/\/rck.tehnicka-skola-karlovac.hr\/struka-i-ti\/wp-json\/wp\/v2\/pages"}],"about":[{"href":"https:\/\/rck.tehnicka-skola-karlovac.hr\/struka-i-ti\/wp-json\/wp\/v2\/types\/page"}],"author":[{"embeddable":true,"href":"https:\/\/rck.tehnicka-skola-karlovac.hr\/struka-i-ti\/wp-json\/wp\/v2\/users\/1"}],"replies":[{"embeddable":true,"href":"https:\/\/rck.tehnicka-skola-karlovac.hr\/struka-i-ti\/wp-json\/wp\/v2\/comments?post=14"}],"version-history":[{"count":3,"href":"https:\/\/rck.tehnicka-skola-karlovac.hr\/struka-i-ti\/wp-json\/wp\/v2\/pages\/14\/revisions"}],"predecessor-version":[{"id":516,"href":"https:\/\/rck.tehnicka-skola-karlovac.hr\/struka-i-ti\/wp-json\/wp\/v2\/pages\/14\/revisions\/516"}],"wp:attachment":[{"href":"https:\/\/rck.tehnicka-skola-karlovac.hr\/struka-i-ti\/wp-json\/wp\/v2\/media?parent=14"}],"curies":[{"name":"wp","href":"https:\/\/api.w.org\/{rel}","templated":true}]}}